{"id":8,"date":"2026-05-07T01:37:32","date_gmt":"2026-05-07T01:37:32","guid":{"rendered":"https:\/\/ghostwhite-starling-536646.hostingersite.com\/booking\/"},"modified":"2026-05-07T01:37:32","modified_gmt":"2026-05-07T01:37:32","slug":"booking","status":"publish","type":"page","link":"https:\/\/gonomadcamp.com\/vi\/booking\/","title":{"rendered":"Booking"},"content":{"rendered":"<div data-elementor-type=\"wp-page\" data-elementor-id=\"8\" class=\"elementor elementor-8\">\n\t\t\t\t<div data-aos=\"fade-up\" class=\"hostinger-elementor-aos elementor-element elementor-element-d3111dd e-flex e-con-boxed e-con e-parent\" data-id=\"d3111dd\" data-element_type=\"container\" data-e-type=\"container\">\n\t\t\t\t\t<div class=\"e-con-inner\">\n\t\t<div data-aos=\"fade-up\" class=\"hostinger-elementor-aos elementor-element elementor-element-3ae9a29 e-grid hostinger-ai-contact-form-2 e-con-full e-con e-child\" data-id=\"3ae9a29\" data-element_type=\"container\" data-e-type=\"container\">\n\t\t<div data-aos=\"fade-up\" class=\"hostinger-elementor-aos elementor-element elementor-element-28d18f8 e-con-full e-flex e-con e-child\" data-id=\"28d18f8\" data-element_type=\"container\" data-e-type=\"container\">\n\t\t\t\t<div class=\"elementor-element elementor-element-b2a0b14 hostinger-ai-title elementor-widget elementor-widget-heading\" data-id=\"b2a0b14\" data-element_type=\"widget\" data-e-type=\"widget\" data-widget_type=\"heading.default\">\n\t\t\t\t\t<h2 class=\"elementor-heading-title elementor-size-default\">Book Your Stay<\/h2>\t\t\t\t<\/div>\n\t\t\t\t<div class=\"elementor-element elementor-element-95ecea1 hostinger-ai-description elementor-widget elementor-widget-text-editor\" data-id=\"95ecea1\" data-element_type=\"widget\" data-e-type=\"widget\" data-widget_type=\"text-editor.default\">\n\t\t\t\t\t\t\t\t\tNow\t\t\t\t\t\t\t\t<\/div>\n\t\t\t\t<div class=\"elementor-element elementor-element-5211450 elementor-widget elementor-widget-hostinger-contact-form\" data-id=\"5211450\" data-element_type=\"widget\" data-e-type=\"widget\" data-widget_type=\"hostinger-contact-form.default\">\n\t\t\t\t<div class=\"elementor-widget-container\">\n\t\t\t\t\t        <div class=\"hostinger-elementor-contact-form\">\n            <section class=\"hts-section hts-page hts-contact-form\">\n                <div class=\"hts-details\">\n                    <div class=\"elementor-hts-contact-details elementor-hts-contacts\">\n                        \n                        \n                        <form id=\"contact-form-69fc186f6382f\" data-recipient=\"aW5mb0Bob3N0aW5nZXIuY29t\" action=\"\">\n                            <input type=\"hidden\" id=\"contactform_nonce\" name=\"contactform_nonce\" value=\"c6f909a80c\" \/><input type=\"hidden\" name=\"_wp_http_referer\" value=\"\/vi\/wp-json\/wp\/v2\/pages\/8\" \/>\n                            <label for=\"contact-form-69fc186f6382f-name\">Name<\/label>\n                            <input type=\"text\"\n                                   id=\"contact-form-69fc186f6382f-name\"\n                                   class=\"contact-name\"\n                                   name=\"name\"\n                                   placeholder=\"What&#039;s your name?\"\n                                   required>\n\n                            <label for=\"contact-form-69fc186f6382f-email\">Email<\/label>\n                            <input type=\"email\"\n                                   id=\"contact-form-69fc186f6382f-email\"\n                                   class=\"contact-email\"\n                                   name=\"email\"\n                                   placeholder=\"What&#039;s your email?\"\n                                   required>\n\n                                                            <label for=\"contact-form-69fc186f6382f-date\">Date<\/label>\n                                <input type=\"date\"\n                                       id=\"contact-form-69fc186f6382f-date\"\n                                       class=\"contact-date\"\n                                       name=\"date\"\n                                       placeholder=\"Select a date\"\n                                       required>\n                            \n                            <label for=\"contact-form-69fc186f6382f-message\">Message<\/label>\n                            <textarea id=\"contact-form-69fc186f6382f-message\"\n                                      class=\"contact-message\"\n                                      name=\"message\"\n                                      placeholder=\"Write your message...\"\n                                      required><\/textarea>\n\n                            <div class=\"hts-privacy-agree\">\n                                <label class=\"hts-form-control\">\n                                    <input type=\"checkbox\"\n                                           id=\"contact-form-69fc186f6382f-privacy-policy-checkbox\"\n                                           class=\"privacy-policy-checkbox\"\n                                           name=\"privacy_policy\"\n                                           required>\n                                    <span>T\u00f4i \u0111\u1ed3ng \u00fd d\u00f9ng th\u00f4ng tin c\u00e1 nh\u00e2n \u0111\u01b0\u1ee3c cung c\u1ea5p cho m\u1ee5c \u0111\u00edch tr\u1ea3 l\u1eddi y\u00eau c\u1ea7u nh\u01b0 m\u00f4 t\u1ea3 trong <a href=\"\" target=\"_blank\">Ch\u00ednh s\u00e1ch B\u1ea3o m\u1eadt<\/a> m\u00e0 t\u00f4i \u0111\u00e3 \u0111\u1ecdc. T\u00f4i c\u00f3 th\u1ec3 r\u00fat l\u1ea1i s\u1ef1 \u0111\u1ed3ng \u00fd b\u1ea5t k\u1ef3 l\u00fac n\u00e0o.<\/span>\n                                <\/label>\n                            <\/div>\n\n                            <input type=\"submit\" value=\"Book now\">\n                            <div class=\"validate-message\"><\/div>\n                        <input type=\"hidden\" name=\"trp-form-language\" value=\"vi\"\/><\/form>\n                    <\/div>\n                <\/div>\n            <\/section>\n        <\/div>\n        \t\t\t\t<\/div>\n\t\t\t\t<\/div>\n\t\t\t\t<\/div>\n\t\t<div data-aos=\"fade-up\" class=\"hostinger-elementor-aos elementor-element elementor-element-9aa380d e-con-full e-flex e-con e-child\" data-id=\"9aa380d\" data-element_type=\"container\" data-e-type=\"container\">\n\t\t\t\t<div class=\"elementor-element elementor-element-873cd9d hostinger-ai-image elementor-widget elementor-widget-image\" data-id=\"873cd9d\" data-element_type=\"widget\" data-e-type=\"widget\" data-widget_type=\"image.default\">\n\t\t\t\t\t\t\t\t\t\t\t\t\t\t\t<img decoding=\"async\" src=\"https:\/\/images.unsplash.com\/photo-1537905569824-f89f14cceb68?q=85&#038;w=400&#038;h=400&#038;fit=crop\" title=\"\" alt=\"\" loading=\"lazy\" \/>\t\t\t\t\t\t\t\t\t\t\t\t\t\t\t<\/div>\n\t\t\t\t<\/div>\n\t\t\t\t<\/div>\n\t\t\t\t\t<\/div>\n\t\t\t\t<\/div>\n\t\t<div data-aos=\"fade-up\" class=\"hostinger-elementor-aos elementor-element elementor-element-425a1bf e-flex e-con-boxed e-con e-parent\" data-id=\"425a1bf\" data-element_type=\"container\" data-e-type=\"container\" data-settings=\"{&quot;background_background&quot;:&quot;classic&quot;}\">\n\t\t\t\t\t<div class=\"e-con-inner\">\n\t\t<div data-aos=\"fade-up\" class=\"hostinger-elementor-aos elementor-element elementor-element-8eb3a11 e-con-full e-flex e-con e-child\" data-id=\"8eb3a11\" data-element_type=\"container\" data-e-type=\"container\">\n\t\t\t\t<div class=\"elementor-element elementor-element-2516ff0 hostinger-ai-title elementor-widget elementor-widget-heading\" data-id=\"2516ff0\" data-element_type=\"widget\" data-e-type=\"widget\" data-widget_type=\"heading.default\">\n\t\t\t\t\t<h2 class=\"elementor-heading-title elementor-size-default\">Book Now<\/h2>\t\t\t\t<\/div>\n\t\t\t\t<div class=\"elementor-element elementor-element-bb2189c elementor-widget__width-initial hostinger-ai-description elementor-widget elementor-widget-text-editor\" data-id=\"bb2189c\" data-element_type=\"widget\" data-e-type=\"widget\" data-widget_type=\"text-editor.default\">\n\t\t\t\t\t\t\t\t\tReserve your spot at Nomad Camp Lagi and start your adventure under the stars.\t\t\t\t\t\t\t\t<\/div>\n\t\t\t\t<div class=\"elementor-element elementor-element-c0f4a8e hostinger-ai-cta-button hostinger-index-0 elementor-widget elementor-widget-button\" data-id=\"c0f4a8e\" data-element_type=\"widget\" data-e-type=\"widget\" data-widget_type=\"button.default\">\n\t\t\t\t\t\t\t\t\t\t<a class=\"elementor-button elementor-button-link elementor-size-sm\" href=\"https:\/\/ghostwhite-starling-536646.hostingersite.com\/home\/\">\n\t\t\t\t\t\t<span class=\"elementor-button-content-wrapper\">\n\t\t\t\t\t\t\t\t\t<span class=\"elementor-button-text\">Go<\/span>\n\t\t\t\t\t<\/span>\n\t\t\t\t\t<\/a>\n\t\t\t\t\t\t\t\t<\/div>\n\t\t\t\t<\/div>\n\t\t\t\t\t<\/div>\n\t\t\t\t<\/div>\n\t\t<div data-aos=\"fade-up\" class=\"hostinger-elementor-aos elementor-element elementor-element-bf67571 e-grid hostinger-ai-background-image e-con-boxed e-con e-parent\" data-id=\"bf67571\" data-element_type=\"container\" data-e-type=\"container\" data-settings=\"{&quot;background_background&quot;:&quot;classic&quot;}\">\n\t\t\t\t\t<div class=\"e-con-inner\">\n\t\t<div data-aos=\"fade-up\" class=\"hostinger-elementor-aos elementor-element elementor-element-472d24e e-con-full e-flex e-con e-child\" data-id=\"472d24e\" data-element_type=\"container\" data-e-type=\"container\">\n\t\t\t\t<div class=\"elementor-element elementor-element-df01ac4 hostinger-ai-title elementor-widget elementor-widget-heading\" data-id=\"df01ac4\" data-element_type=\"widget\" data-e-type=\"widget\" data-widget_type=\"heading.default\">\n\t\t\t\t\t<h2 class=\"elementor-heading-title elementor-size-default\">Get in Touch<\/h2>\t\t\t\t<\/div>\n\t\t\t\t<div class=\"elementor-element elementor-element-d6f569c elementor-widget__width-initial elementor-widget-mobile__width-inherit hostinger-ai-description hostinger-index-1 elementor-widget elementor-widget-text-editor\" data-id=\"d6f569c\" data-element_type=\"widget\" data-e-type=\"widget\" data-widget_type=\"text-editor.default\">\n\t\t\t\t\t\t\t\t\tReach out to book your perfect nomad camping spot today.\t\t\t\t\t\t\t\t<\/div>\n\t\t\t\t<div class=\"elementor-element elementor-element-06045b1 elementor-widget__width-initial elementor-widget-mobile__width-inherit elementor-widget elementor-widget-hostinger-contact-form\" data-id=\"06045b1\" data-element_type=\"widget\" data-e-type=\"widget\" data-widget_type=\"hostinger-contact-form.default\">\n\t\t\t\t<div class=\"elementor-widget-container\">\n\t\t\t\t\t        <div class=\"hostinger-elementor-contact-form\">\n            <section class=\"hts-section hts-page hts-contact-form\">\n                <div class=\"hts-details\">\n                    <div class=\"elementor-hts-contact-details elementor-hts-contacts\">\n                        \n                        \n                        <form id=\"contact-form-69fc186f6451e\" data-recipient=\"dHVhbnBrbWFpbEBnbWFpbC5jb20=\" action=\"\">\n                            <input type=\"hidden\" id=\"contactform_nonce\" name=\"contactform_nonce\" value=\"c6f909a80c\" \/><input type=\"hidden\" name=\"_wp_http_referer\" value=\"\/vi\/wp-json\/wp\/v2\/pages\/8\" \/>\n                            <label for=\"contact-form-69fc186f6451e-name\">Name<\/label>\n                            <input type=\"text\"\n                                   id=\"contact-form-69fc186f6451e-name\"\n                                   class=\"contact-name\"\n                                   name=\"name\"\n                                   placeholder=\"What&#039;s your name?\"\n                                   required>\n\n                            <label for=\"contact-form-69fc186f6451e-email\">Email<\/label>\n                            <input type=\"email\"\n                                   id=\"contact-form-69fc186f6451e-email\"\n                                   class=\"contact-email\"\n                                   name=\"email\"\n                                   placeholder=\"What&#039;s your email?\"\n                                   required>\n\n                            \n                            <label for=\"contact-form-69fc186f6451e-message\">Message<\/label>\n                            <textarea id=\"contact-form-69fc186f6451e-message\"\n                                      class=\"contact-message\"\n                                      name=\"message\"\n                                      placeholder=\"Write your message...\"\n                                      required><\/textarea>\n\n                            <div class=\"hts-privacy-agree\">\n                                <label class=\"hts-form-control\">\n                                    <input type=\"checkbox\"\n                                           id=\"contact-form-69fc186f6451e-privacy-policy-checkbox\"\n                                           class=\"privacy-policy-checkbox\"\n                                           name=\"privacy_policy\"\n                                           required>\n                                    <span>T\u00f4i \u0111\u1ed3ng \u00fd d\u00f9ng th\u00f4ng tin c\u00e1 nh\u00e2n \u0111\u01b0\u1ee3c cung c\u1ea5p cho m\u1ee5c \u0111\u00edch tr\u1ea3 l\u1eddi y\u00eau c\u1ea7u nh\u01b0 m\u00f4 t\u1ea3 trong <a href=\"\" target=\"_blank\">Ch\u00ednh s\u00e1ch B\u1ea3o m\u1eadt<\/a> m\u00e0 t\u00f4i \u0111\u00e3 \u0111\u1ecdc. T\u00f4i c\u00f3 th\u1ec3 r\u00fat l\u1ea1i s\u1ef1 \u0111\u1ed3ng \u00fd b\u1ea5t k\u1ef3 l\u00fac n\u00e0o.<\/span>\n                                <\/label>\n                            <\/div>\n\n                            <input type=\"submit\" value=\"Send Message\">\n                            <div class=\"validate-message\"><\/div>\n                        <input type=\"hidden\" name=\"trp-form-language\" value=\"vi\"\/><\/form>\n                    <\/div>\n                <\/div>\n            <\/section>\n        <\/div>\n        \t\t\t\t<\/div>\n\t\t\t\t<\/div>\n\t\t\t\t<\/div>\n\t\t\t\t\t<\/div>\n\t\t\t\t<\/div>\n\t\t\t\t<\/div>","protected":false},"excerpt":{"rendered":"","protected":false},"author":1,"featured_media":0,"parent":0,"menu_order":0,"comment_status":"closed","ping_status":"closed","template":"","meta":{"footnotes":""},"class_list":["post-8","page","type-page","status-publish","hentry"],"_hostinger_reach_plugin_has_subscription_block":false,"_hostinger_reach_plugin_is_elementor":false,"_links":{"self":[{"href":"https:\/\/gonomadcamp.com\/vi\/wp-json\/wp\/v2\/pages\/8","targetHints":{"allow":["GET"]}}],"collection":[{"href":"https:\/\/gonomadcamp.com\/vi\/wp-json\/wp\/v2\/pages"}],"about":[{"href":"https:\/\/gonomadcamp.com\/vi\/wp-json\/wp\/v2\/types\/page"}],"author":[{"embeddable":true,"href":"https:\/\/gonomadcamp.com\/vi\/wp-json\/wp\/v2\/users\/1"}],"replies":[{"embeddable":true,"href":"https:\/\/gonomadcamp.com\/vi\/wp-json\/wp\/v2\/comments?post=8"}],"version-history":[{"count":0,"href":"https:\/\/gonomadcamp.com\/vi\/wp-json\/wp\/v2\/pages\/8\/revisions"}],"wp:attachment":[{"href":"https:\/\/gonomadcamp.com\/vi\/wp-json\/wp\/v2\/media?parent=8"}],"curies":[{"name":"wp","href":"https:\/\/api.w.org\/{rel}","templated":true}]}}