{"id":6,"date":"2026-05-07T01:37:28","date_gmt":"2026-05-07T01:37:28","guid":{"rendered":"https:\/\/ghostwhite-starling-536646.hostingersite.com\/home\/"},"modified":"2026-05-07T01:37:28","modified_gmt":"2026-05-07T01:37:28","slug":"home","status":"publish","type":"page","link":"https:\/\/gonomadcamp.com\/vi\/","title":{"rendered":"Home"},"content":{"rendered":"<div data-elementor-type=\"wp-page\" data-elementor-id=\"6\" class=\"elementor elementor-6\">\n\t\t\t\t<div data-aos=\"fade-up\" class=\"hostinger-elementor-aos elementor-element elementor-element-ddccf30 e-grid hostinger-ai-background-video e-con-boxed e-con e-parent\" data-id=\"ddccf30\" data-element_type=\"container\" data-e-type=\"container\" data-settings=\"{&quot;background_background&quot;:&quot;video&quot;,&quot;background_video_link&quot;:&quot;https:\\\/\\\/videos.pexels.com\\\/video-files\\\/4993938\\\/4993938-hd_1366_720_24fps.mp4&quot;,&quot;background_play_on_mobile&quot;:&quot;yes&quot;}\">\n\t\t\t\t\t<div class=\"e-con-inner\">\n\t\t<div class=\"elementor-background-video-container\">\n\t\t\t\t\t\t\t<video class=\"elementor-background-video-hosted\" role=\"presentation\" autoplay muted playsinline loop><\/video>\n\t\t\t\t\t<\/div><div data-aos=\"fade-up\" class=\"hostinger-elementor-aos elementor-element elementor-element-74068c0 e-flex e-con-boxed e-con e-child\" data-id=\"74068c0\" data-element_type=\"container\" data-e-type=\"container\">\n\t\t\t\t\t<div class=\"e-con-inner\">\n\t\t\t\t<div class=\"elementor-element elementor-element-2085031 hostinger-ai-title elementor-widget__width-initial elementor-widget elementor-widget-heading\" data-id=\"2085031\" data-element_type=\"widget\" data-e-type=\"widget\" data-widget_type=\"heading.default\">\n\t\t\t\t\t<h1 class=\"elementor-heading-title elementor-size-default\">Welcome to GoNomadCamp<\/h1>\t\t\t\t<\/div>\n\t\t\t\t<div class=\"elementor-element elementor-element-e636516 hostinger-ai-description elementor-widget__width-initial elementor-widget elementor-widget-text-editor\" data-id=\"e636516\" data-element_type=\"widget\" data-e-type=\"widget\" data-widget_type=\"text-editor.default\">\n\t\t\t\t\t\t\t\t\tBook your perfect camping or glamping spot with ease.\t\t\t\t\t\t\t\t<\/div>\n\t\t\t\t<div class=\"elementor-element elementor-element-61ba7db hostinger-ai-cta-button hostinger-index-0 elementor-align-center elementor-mobile-align-justify elementor-widget-mobile__width-inherit elementor-widget elementor-widget-button\" data-id=\"61ba7db\" data-element_type=\"widget\" data-e-type=\"widget\" data-widget_type=\"button.default\">\n\t\t\t\t\t\t\t\t\t\t<a class=\"elementor-button elementor-button-link elementor-size-sm\" href=\"https:\/\/ghostwhite-starling-536646.hostingersite.com\/hello-world\/\">\n\t\t\t\t\t\t<span class=\"elementor-button-content-wrapper\">\n\t\t\t\t\t\t\t\t\t<span class=\"elementor-button-text\">Book Now<\/span>\n\t\t\t\t\t<\/span>\n\t\t\t\t\t<\/a>\n\t\t\t\t\t\t\t\t<\/div>\n\t\t<div data-aos=\"fade-up\" class=\"hostinger-elementor-aos elementor-element elementor-element-0bd9530 e-con-full e-flex e-con e-child\" data-id=\"0bd9530\" data-element_type=\"container\" data-e-type=\"container\">\n\t\t\t\t<div class=\"elementor-element elementor-element-cce16da elementor-widget elementor-widget-heading\" data-id=\"cce16da\" data-element_type=\"widget\" data-e-type=\"widget\" data-widget_type=\"heading.default\">\n\t\t\t\t\t<h2 class=\"elementor-heading-title elementor-size-default\">\u2605\u2605\u2605\u2605\u2605<\/h2>\t\t\t\t<\/div>\n\t\t\t\t<div class=\"elementor-element elementor-element-e6e7a0c elementor-widget elementor-widget-heading\" data-id=\"e6e7a0c\" data-element_type=\"widget\" data-e-type=\"widget\" data-widget_type=\"heading.default\">\n\t\t\t\t\t<h2 class=\"elementor-heading-title elementor-size-default\">Top rated by 100+ clients<\/h2>\t\t\t\t<\/div>\n\t\t\t\t<\/div>\n\t\t\t\t\t<\/div>\n\t\t\t\t<\/div>\n\t\t\t\t\t<\/div>\n\t\t\t\t<\/div>\n\t\t<div data-aos=\"fade-up\" class=\"hostinger-elementor-aos elementor-element elementor-element-d4fdd7e e-flex e-con-boxed e-con e-parent\" data-id=\"d4fdd7e\" data-element_type=\"container\" data-e-type=\"container\">\n\t\t\t\t\t<div class=\"e-con-inner\">\n\t\t<div data-aos=\"fade-up\" class=\"hostinger-elementor-aos elementor-element elementor-element-a8a0e30 e-con-full e-flex e-con e-child\" data-id=\"a8a0e30\" data-element_type=\"container\" data-e-type=\"container\">\n\t\t\t\t<div class=\"elementor-element elementor-element-34516db hostinger-ai-title elementor-widget elementor-widget-heading\" data-id=\"34516db\" data-element_type=\"widget\" data-e-type=\"widget\" data-widget_type=\"heading.default\">\n\t\t\t\t\t<h2 class=\"elementor-heading-title elementor-size-default\">Our Stays<\/h2>\t\t\t\t<\/div>\n\t\t<div data-aos=\"fade-up\" class=\"hostinger-elementor-aos elementor-element elementor-element-ef07334 e-grid e-con-full e-con e-child\" data-id=\"ef07334\" data-element_type=\"container\" data-e-type=\"container\">\n\t\t<div data-aos=\"fade-up\" class=\"hostinger-elementor-aos elementor-element elementor-element-dfe1581 e-con-full e-flex e-con e-child\" data-id=\"dfe1581\" data-element_type=\"container\" data-e-type=\"container\">\n\t\t\t\t<div class=\"elementor-element elementor-element-4c1eef3 hostinger-ai-service-image elementor-widget elementor-widget-image\" data-id=\"4c1eef3\" data-element_type=\"widget\" data-e-type=\"widget\" data-widget_type=\"image.default\">\n\t\t\t\t\t\t\t\t\t\t\t\t\t\t\t<img decoding=\"async\" src=\"https:\/\/images.unsplash.com\/photo-1631635589499-afd87d52bf64?q=85&#038;w=340&#038;h=340&#038;fit=crop\" title=\"\" alt=\"\" loading=\"lazy\" \/>\t\t\t\t\t\t\t\t\t\t\t\t\t\t\t<\/div>\n\t\t\t\t<div class=\"elementor-element elementor-element-cefe350 hostinger-ai-service-description elementor-widget elementor-widget-text-editor\" data-id=\"cefe350\" data-element_type=\"widget\" data-e-type=\"widget\" data-widget_type=\"text-editor.default\">\n\t\t\t\t\t\t\t\t\tSleep under the stars in our comfortable, stylish glamping tents.\t\t\t\t\t\t\t\t<\/div>\n\t\t\t\t<\/div>\n\t\t<div data-aos=\"fade-up\" class=\"hostinger-elementor-aos elementor-element elementor-element-30020de e-con-full e-flex e-con e-child\" data-id=\"30020de\" data-element_type=\"container\" data-e-type=\"container\">\n\t\t\t\t<div class=\"elementor-element elementor-element-88c0601 hostinger-ai-service-image hostinger-index-1 elementor-widget elementor-widget-image\" data-id=\"88c0601\" data-element_type=\"widget\" data-e-type=\"widget\" data-widget_type=\"image.default\">\n\t\t\t\t\t\t\t\t\t\t\t\t\t\t\t<img decoding=\"async\" src=\"https:\/\/images.unsplash.com\/photo-1573111651692-39ec7f38fec9?q=85&#038;w=340&#038;h=340&#038;fit=crop\" title=\"\" alt=\"\" loading=\"lazy\" \/>\t\t\t\t\t\t\t\t\t\t\t\t\t\t\t<\/div>\n\t\t\t\t<div class=\"elementor-element elementor-element-49406fe hostinger-ai-service-description hostinger-index-1 elementor-widget elementor-widget-text-editor\" data-id=\"49406fe\" data-element_type=\"widget\" data-e-type=\"widget\" data-widget_type=\"text-editor.default\">\n\t\t\t\t\t\t\t\t\tEnjoy classic camping with fire pits perfect for stories and s\u2019mores.\t\t\t\t\t\t\t\t<\/div>\n\t\t\t\t<\/div>\n\t\t<div data-aos=\"fade-up\" class=\"hostinger-elementor-aos elementor-element elementor-element-dabc39e e-con-full e-flex e-con e-child\" data-id=\"dabc39e\" data-element_type=\"container\" data-e-type=\"container\">\n\t\t\t\t<div class=\"elementor-element elementor-element-e2d2024 hostinger-ai-service-image hostinger-index-2 elementor-widget elementor-widget-image\" data-id=\"e2d2024\" data-element_type=\"widget\" data-e-type=\"widget\" data-widget_type=\"image.default\">\n\t\t\t\t\t\t\t\t\t\t\t\t\t\t\t<img decoding=\"async\" src=\"https:\/\/images.unsplash.com\/photo-1682597463623-5efa435e15ce?q=85&#038;w=340&#038;h=340&#038;fit=crop\" title=\"\" alt=\"\" loading=\"lazy\" \/>\t\t\t\t\t\t\t\t\t\t\t\t\t\t\t<\/div>\n\t\t\t\t<div class=\"elementor-element elementor-element-f9fc8b8 hostinger-ai-service-description hostinger-index-1 elementor-widget elementor-widget-text-editor\" data-id=\"f9fc8b8\" data-element_type=\"widget\" data-e-type=\"widget\" data-widget_type=\"text-editor.default\">\n\t\t\t\t\t\t\t\t\tEnjoy classic camping with fire pits perfect for stories and s\u2019mores.\t\t\t\t\t\t\t\t<\/div>\n\t\t\t\t<\/div>\n\t\t\t\t<\/div>\n\t\t\t\t<\/div>\n\t\t\t\t\t<\/div>\n\t\t\t\t<\/div>\n\t\t<div data-aos=\"fade-up\" class=\"hostinger-elementor-aos elementor-element elementor-element-9479030 hostinger-ai-background-image e-flex e-con-boxed e-con e-parent\" data-id=\"9479030\" data-element_type=\"container\" data-e-type=\"container\" data-settings=\"{&quot;background_background&quot;:&quot;classic&quot;}\">\n\t\t\t\t\t<div class=\"e-con-inner\">\n\t\t\t\t<div class=\"elementor-element elementor-element-8ffd61b hostinger-ai-title elementor-widget elementor-widget-heading\" data-id=\"8ffd61b\" data-element_type=\"widget\" data-e-type=\"widget\" data-widget_type=\"heading.default\">\n\t\t\t\t\t<h2 class=\"elementor-heading-title elementor-size-default\">Stay Connected<\/h2>\t\t\t\t<\/div>\n\t\t\t\t<div class=\"elementor-element elementor-element-f3c9011 hostinger-ai-description elementor-widget elementor-widget-text-editor\" data-id=\"f3c9011\" data-element_type=\"widget\" data-e-type=\"widget\" data-widget_type=\"text-editor.default\">\n\t\t\t\t\t\t\t\t\tJoin our newsletter for exclusive updates and special booking offers.\t\t\t\t\t\t\t\t<\/div>\n\t\t\t\t<div class=\"elementor-element elementor-element-7763be8 elementor-widget__width-initial elementor-widget elementor-widget-hostinger-reach\" data-id=\"7763be8\" data-element_type=\"widget\" data-e-type=\"widget\" data-widget_type=\"hostinger-reach.default\">\n\t\t\t\t<div class=\"elementor-widget-container\">\n\t\t\t\t\t        <div class=\"hostinger-reach-block-subscription-form-wrapper\">\n\n            <form id=\"elementor-hostinger-reach-form-2082986136102578177\" class=\"hostinger-reach-block-subscription-form\" action=\"\">\n                <input type=\"hidden\" name=\"group\" value=\"\">\n                <input type=\"hidden\" name=\"id\" value=\"elementor-hostinger-reach-form-2082986136102578177\">\n                <input type=\"hidden\" name=\"tags\" value=\"\">\n                <input type=\"hidden\" name=\"metadata.plugin\" value=\"elementor\">\n\n                <div\n                    class=\"hostinger-reach-block-form-fields\">\n                    <div class=\"hostinger-reach-block-form-field\">\n                        <label\n                            for=\"elementor-hostinger-reach-form-2082986136102578177-email\">Email                            <span class=\"required\">*<\/span><\/label>\n                        <input type=\"email\" id=\"elementor-hostinger-reach-form-2082986136102578177-email\" name=\"email\" required>\n                    <\/div>\n\n                    \n                    \n                    <button\n                        type=\"submit\"\n                        class=\"hostinger-reach-block-submit has-light-color has-color-3-background-color has-text-color has-background has-link-color\"\n                        >\n                        \u0110\u0103ng k\u00fd                    <\/button>\n                <\/div>\n\n                <div class=\"reach-subscription-message\" style=\"display: none;\">\n                    <div class=\"reach-subscription-message__icon\" style=\"display: none;\">\n                        <svg width=\"24\" height=\"24\" viewbox=\"0 0 24 24\" fill=\"none\" xmlns=\"http:\/\/www.w3.org\/2000\/svg\">\n                            <path d=\"M21.0455 5.95463C21.4848 6.39397 21.4848 7.10628 21.0455 7.54562L11.5076 17.0835C10.9511 17.64 10.0489 17.64 9.49237 17.0835L5.2045 12.7956C4.76517 12.3563 4.76517 11.644 5.2045 11.2046C5.64384 10.7653 6.35616 10.7653 6.7955 11.2046L10.5 14.9091L19.4545 5.95463C19.8938 5.51529 20.6062 5.51529 21.0455 5.95463Z\" fill=\"#18181A\"\/>\n                        <\/svg>\n                    <\/div>\n                    <div class=\"reach-subscription-message__text\">\n                        Subscription form is not available at the moment                    <\/div>\n                <\/div>\n            <input type=\"hidden\" name=\"trp-form-language\" value=\"vi\"\/><\/form>\n        <\/div>\n        \t\t\t\t<\/div>\n\t\t\t\t<\/div>\n\t\t\t\t\t<\/div>\n\t\t\t\t<\/div>\n\t\t\t\t<\/div>","protected":false},"excerpt":{"rendered":"","protected":false},"author":1,"featured_media":0,"parent":0,"menu_order":0,"comment_status":"closed","ping_status":"closed","template":"","meta":{"footnotes":""},"class_list":["post-6","page","type-page","status-publish","hentry"],"_hostinger_reach_plugin_has_subscription_block":false,"_hostinger_reach_plugin_is_elementor":false,"_links":{"self":[{"href":"https:\/\/gonomadcamp.com\/vi\/wp-json\/wp\/v2\/pages\/6","targetHints":{"allow":["GET"]}}],"collection":[{"href":"https:\/\/gonomadcamp.com\/vi\/wp-json\/wp\/v2\/pages"}],"about":[{"href":"https:\/\/gonomadcamp.com\/vi\/wp-json\/wp\/v2\/types\/page"}],"author":[{"embeddable":true,"href":"https:\/\/gonomadcamp.com\/vi\/wp-json\/wp\/v2\/users\/1"}],"replies":[{"embeddable":true,"href":"https:\/\/gonomadcamp.com\/vi\/wp-json\/wp\/v2\/comments?post=6"}],"version-history":[{"count":0,"href":"https:\/\/gonomadcamp.com\/vi\/wp-json\/wp\/v2\/pages\/6\/revisions"}],"wp:attachment":[{"href":"https:\/\/gonomadcamp.com\/vi\/wp-json\/wp\/v2\/media?parent=6"}],"curies":[{"name":"wp","href":"https:\/\/api.w.org\/{rel}","templated":true}]}}